{"id":15,"date":"2023-08-05T23:15:39","date_gmt":"2023-08-05T21:15:39","guid":{"rendered":"https:\/\/elannecy.fr\/?page_id=15"},"modified":"2023-08-09T18:37:12","modified_gmt":"2023-08-09T16:37:12","slug":"about","status":"publish","type":"page","link":"https:\/\/elannecy.fr\/index.php\/about\/","title":{"rendered":"A propos"},"content":{"rendered":"\n<h2 class=\"wp-block-heading has-medium-font-size\" id=\"inspiro-is-a-digital-product-agency-that-focuses-on-strategy-and-design\" style=\"font-style:normal;font-weight:100\">En tant que serial entrepreneur dans la tech depuis 20 ans, je partage mes connaissances et mon exp\u00e9rience pour guider les dirigeants dans leur qu\u00eate de croissance.<\/h2>\n\n\n\n<div style=\"height:100px\" aria-hidden=\"true\" class=\"wp-block-spacer\"><\/div>\n\n\n\n<div class=\"wp-block-columns alignwide is-layout-flex wp-container-core-columns-is-layout-9d6595d7 wp-block-columns-is-layout-flex\">\n<div class=\"wp-block-column is-layout-flow wp-block-column-is-layout-flow\">\n<figure class=\"wp-block-image size-large\"><img loading=\"lazy\" decoding=\"async\" width=\"1530\" height=\"1529\" src=\"https:\/\/elannecy.fr\/wp-content\/uploads\/2023\/08\/photo-1606509990584-bbef72c29db8-1-edited.jpeg\" alt=\"\" class=\"wp-image-49\" srcset=\"https:\/\/elannecy.fr\/wp-content\/uploads\/2023\/08\/photo-1606509990584-bbef72c29db8-1-edited.jpeg 1530w, https:\/\/elannecy.fr\/wp-content\/uploads\/2023\/08\/photo-1606509990584-bbef72c29db8-1-edited-300x300.jpeg 300w, https:\/\/elannecy.fr\/wp-content\/uploads\/2023\/08\/photo-1606509990584-bbef72c29db8-1-edited-1024x1024.jpeg 1024w, https:\/\/elannecy.fr\/wp-content\/uploads\/2023\/08\/photo-1606509990584-bbef72c29db8-1-edited-150x150.jpeg 150w, https:\/\/elannecy.fr\/wp-content\/uploads\/2023\/08\/photo-1606509990584-bbef72c29db8-1-edited-768x767.jpeg 768w\" sizes=\"auto, (max-width: 1530px) 100vw, 1530px\" \/><\/figure>\n\n\n\n<p class=\"has-black-color has-text-color has-medium-font-size\">Clart\u00e9 Visionnaire<\/p>\n\n\n\n<p class=\"has-text-color\" style=\"color:#7a7a7a\">\u00c0 chaque pas sur les rives paisibles d&rsquo;Annecy ou les chemins montagneux, je vous aide \u00e0 clarifier et \u00e0 revitaliser votre vision d&rsquo;entreprise.<\/p>\n<\/div>\n\n\n\n<div class=\"wp-block-column is-layout-flow wp-block-column-is-layout-flow\">\n<figure class=\"wp-block-image size-large\"><img loading=\"lazy\" decoding=\"async\" width=\"1287\" height=\"1287\" src=\"https:\/\/elannecy.fr\/wp-content\/uploads\/2023\/08\/photo-1533240332313-0db49b459ad6-1-edited.jpeg\" alt=\"\" class=\"wp-image-45\" srcset=\"https:\/\/elannecy.fr\/wp-content\/uploads\/2023\/08\/photo-1533240332313-0db49b459ad6-1-edited.jpeg 1287w, https:\/\/elannecy.fr\/wp-content\/uploads\/2023\/08\/photo-1533240332313-0db49b459ad6-1-edited-300x300.jpeg 300w, https:\/\/elannecy.fr\/wp-content\/uploads\/2023\/08\/photo-1533240332313-0db49b459ad6-1-edited-1024x1024.jpeg 1024w, https:\/\/elannecy.fr\/wp-content\/uploads\/2023\/08\/photo-1533240332313-0db49b459ad6-1-edited-150x150.jpeg 150w, https:\/\/elannecy.fr\/wp-content\/uploads\/2023\/08\/photo-1533240332313-0db49b459ad6-1-edited-768x768.jpeg 768w\" sizes=\"auto, (max-width: 1287px) 100vw, 1287px\" \/><\/figure>\n\n\n\n<p class=\"has-black-color has-text-color has-medium-font-size\">Mentalisation en Mouvement<\/p>\n\n\n\n<p class=\"has-text-color\" style=\"color:#7a7a7a\">Utilisez la puissance de la visualisation tout en marchant pour transformer vos aspirations en actions concr\u00e8tes.<\/p>\n<\/div>\n\n\n\n<div class=\"wp-block-column is-layout-flow wp-block-column-is-layout-flow\">\n<figure class=\"wp-block-image size-large\"><img loading=\"lazy\" decoding=\"async\" width=\"1287\" height=\"1286\" src=\"https:\/\/elannecy.fr\/wp-content\/uploads\/2023\/08\/photo-1501554728187-ce583db33af7-1-edited.jpeg\" alt=\"\" class=\"wp-image-47\" srcset=\"https:\/\/elannecy.fr\/wp-content\/uploads\/2023\/08\/photo-1501554728187-ce583db33af7-1-edited.jpeg 1287w, https:\/\/elannecy.fr\/wp-content\/uploads\/2023\/08\/photo-1501554728187-ce583db33af7-1-edited-300x300.jpeg 300w, https:\/\/elannecy.fr\/wp-content\/uploads\/2023\/08\/photo-1501554728187-ce583db33af7-1-edited-1024x1024.jpeg 1024w, https:\/\/elannecy.fr\/wp-content\/uploads\/2023\/08\/photo-1501554728187-ce583db33af7-1-edited-150x150.jpeg 150w, https:\/\/elannecy.fr\/wp-content\/uploads\/2023\/08\/photo-1501554728187-ce583db33af7-1-edited-768x767.jpeg 768w\" sizes=\"auto, (max-width: 1287px) 100vw, 1287px\" \/><\/figure>\n\n\n\n<p class=\"has-black-color has-text-color has-medium-font-size\">Moment Opportun<\/p>\n\n\n\n<p class=\"has-text-color\" style=\"color:#7a7a7a\">Profitez de l&rsquo;instant pr\u00e9sent pour saisir l&rsquo;opportunit\u00e9 de d\u00e9finir les \u00e9tapes futures de votre entreprise en embrassant le concept du kairos.<\/p>\n<\/div>\n<\/div>\n\n\n\n<h3 class=\"wp-block-heading has-large-font-size\" id=\"inspiro-is-a-digital-product-agency-that-focuses-on-strategy-and-desig\" style=\"font-weight:300\">Authenticit\u00e9 et Humilit\u00e9<\/h3>\n\n\n\n<h2 class=\"wp-block-heading has-medium-font-size\" style=\"font-style:normal;font-weight:100\">Mon approche est fond\u00e9e sur l&rsquo;\u00e9change sinc\u00e8re, respectant votre individualit\u00e9 tout en \u00e9tablissant un lien authentique pour vous guider vers la r\u00e9ussite.<\/h2>\n\n\n\n<p class=\"has-medium-font-size\"><\/p>\n\n\n\n<div class=\"wp-block-cover alignfull\" style=\"padding-top:50px;padding-right:50px;padding-bottom:50px;padding-left:50px;min-height:316px;aspect-ratio:unset;\"><span aria-hidden=\"true\" class=\"wp-block-cover__background has-black-background-color has-background-dim-100 has-background-dim\"><\/span><div class=\"wp-block-cover__inner-container is-layout-flow wp-block-cover-is-layout-flow\">\n<p class=\"has-text-align-center has-large-font-size\">\u00ab\u00a0Avancer c\u00f4te \u00e0 c\u00f4te en marchant, mais aussi dans la compr\u00e9hension de vos d\u00e9fis et opportunit\u00e9s.\u00a0\u00bb<\/p>\n<\/div><\/div>\n","protected":false},"excerpt":{"rendered":"<p>En tant que serial entrepreneur dans la tech depuis 20 ans, je partage mes connaissances et mon exp\u00e9rience pour guider les dirigeants dans leur qu\u00eate de croissance. Clart\u00e9 Visionnaire \u00c0 chaque pas sur les rives paisibles d&rsquo;Annecy ou les chemins montagneux, je vous aide \u00e0 clarifier et \u00e0 revitaliser votre vision d&rsquo;entreprise. Mentalisation en Mouvement &hellip; <\/p>\n<p class=\"link-more\"><a href=\"https:\/\/elannecy.fr\/index.php\/about\/\" class=\"more-link\">Lire la suite de<span class=\"screen-reader-text\">\u00ab\u00a0A propos\u00a0\u00bb<\/span><\/a><\/p>\n","protected":false},"author":1,"featured_media":56,"parent":0,"menu_order":0,"comment_status":"closed","ping_status":"closed","template":"","meta":{"footnotes":""},"class_list":["post-15","page","type-page","status-publish","has-post-thumbnail","hentry"],"_links":{"self":[{"href":"https:\/\/elannecy.fr\/index.php\/wp-json\/wp\/v2\/pages\/15","targetHints":{"allow":["GET"]}}],"collection":[{"href":"https:\/\/elannecy.fr\/index.php\/wp-json\/wp\/v2\/pages"}],"about":[{"href":"https:\/\/elannecy.fr\/index.php\/wp-json\/wp\/v2\/types\/page"}],"author":[{"embeddable":true,"href":"https:\/\/elannecy.fr\/index.php\/wp-json\/wp\/v2\/users\/1"}],"replies":[{"embeddable":true,"href":"https:\/\/elannecy.fr\/index.php\/wp-json\/wp\/v2\/comments?post=15"}],"version-history":[{"count":4,"href":"https:\/\/elannecy.fr\/index.php\/wp-json\/wp\/v2\/pages\/15\/revisions"}],"predecessor-version":[{"id":57,"href":"https:\/\/elannecy.fr\/index.php\/wp-json\/wp\/v2\/pages\/15\/revisions\/57"}],"wp:featuredmedia":[{"embeddable":true,"href":"https:\/\/elannecy.fr\/index.php\/wp-json\/wp\/v2\/media\/56"}],"wp:attachment":[{"href":"https:\/\/elannecy.fr\/index.php\/wp-json\/wp\/v2\/media?parent=15"}],"curies":[{"name":"wp","href":"https:\/\/api.w.org\/{rel}","templated":true}]}}