{"id":14,"date":"2023-08-05T23:15:39","date_gmt":"2023-08-05T21:15:39","guid":{"rendered":"https:\/\/elannecy.fr\/?page_id=14"},"modified":"2023-08-09T19:01:48","modified_gmt":"2023-08-09T17:01:48","slug":"beaux-portfolios-pour-des-creatifs-exceptionnels","status":"publish","type":"page","link":"https:\/\/elannecy.fr\/","title":{"rendered":"Joyau des Alpes : Lac d&rsquo;Annecy"},"content":{"rendered":"\n<p>Un miroir d&rsquo;eau cristalline nich\u00e9 au c\u0153ur des montagnes majestueuses. Explorez des villages pittoresques, des for\u00eats verdoyantes et des plages de sable ; la fusion parfaite d&rsquo;aventures alpines et de d\u00e9tente au bord de l&rsquo;eau.<\/p>\n\n\n\n<div style=\"height:55px\" aria-hidden=\"true\" class=\"wp-block-spacer\"><\/div>\n\n\n\n<div class=\"wp-block-group alignfull has-background\" style=\"background-color:#e5e9ec\"><div class=\"wp-block-group__inner-container is-layout-flow wp-block-group-is-layout-flow\">\n<div class=\"wp-block-columns is-layout-flex wp-container-core-columns-is-layout-9d6595d7 wp-block-columns-is-layout-flex\">\n<div class=\"wp-block-column is-vertically-aligned-center is-layout-flow wp-block-column-is-layout-flow\">\n<h2 class=\"wp-block-heading\">A propos<\/h2>\n\n\n\n<p>L&rsquo;exp\u00e9rience de mentorat qui fusionne le mouvement et la strat\u00e9gie pour les dirigeants aspirant \u00e0 une croissance transform\u00e9e. Situ\u00e9 dans le d\u00e9cor enchanteur d&rsquo;Annecy, ELANNECY se d\u00e9cline en trois principes fondamentaux<\/p>\n\n\n\n<div class=\"wp-block-buttons is-horizontal is-content-justification-left is-layout-flex wp-container-core-buttons-is-layout-7e5fce0a wp-block-buttons-is-layout-flex\">\n<div class=\"wp-block-button is-style-outline is-style-outline--1\"><a class=\"wp-block-button__link wp-element-button\" href=\"https:\/\/elannecy.fr\/index.php\/about\/\">A propos<\/a><\/div>\n<\/div>\n\n\n\n<p><\/p>\n<\/div>\n\n\n\n<div class=\"wp-block-column is-layout-flow wp-block-column-is-layout-flow\">\n<div style=\"height:48px\" aria-hidden=\"true\" class=\"wp-block-spacer\"><\/div>\n\n\n\n<figure class=\"wp-block-image size-large\"><img loading=\"lazy\" decoding=\"async\" width=\"1024\" height=\"683\" src=\"https:\/\/elannecy.fr\/wp-content\/uploads\/2023\/08\/annecy-lake-1024x683.jpg\" alt=\"\" class=\"wp-image-37\" srcset=\"https:\/\/elannecy.fr\/wp-content\/uploads\/2023\/08\/annecy-lake-1024x683.jpg 1024w, https:\/\/elannecy.fr\/wp-content\/uploads\/2023\/08\/annecy-lake-300x200.jpg 300w, https:\/\/elannecy.fr\/wp-content\/uploads\/2023\/08\/annecy-lake-768x512.jpg 768w, https:\/\/elannecy.fr\/wp-content\/uploads\/2023\/08\/annecy-lake-1536x1024.jpg 1536w, https:\/\/elannecy.fr\/wp-content\/uploads\/2023\/08\/annecy-lake-2048x1365.jpg 2048w, https:\/\/elannecy.fr\/wp-content\/uploads\/2023\/08\/annecy-lake-2000x1333.jpg 2000w\" sizes=\"auto, (max-width: 1024px) 100vw, 1024px\" \/><\/figure>\n<\/div>\n<\/div>\n<\/div><\/div>\n\n\n\n<div class=\"wp-block-group alignfull has-black-background-color has-background\"><div class=\"wp-block-group__inner-container is-layout-flow wp-block-group-is-layout-flow\">\n<h2 class=\"wp-block-heading has-text-align-center has-white-color has-text-color\"><strong>Gallery<\/strong><\/h2>\n\n\n\n<figure class=\"wp-block-gallery aligncenter has-nested-images columns-default is-cropped wp-block-gallery-2 is-layout-flex wp-block-gallery-is-layout-flex\">\n<figure class=\"wp-block-image size-large\"><img decoding=\"async\" data-id=\"28\" src=\"https:\/\/elannecy.fr\/wp-content\/themes\/inspiro\/assets\/images\/StockSnap_P9QYJ8AAL8.jpg\" alt=\"\" class=\"wp-image-28\"\/><\/figure>\n\n\n\n<figure class=\"wp-block-image size-large\"><img decoding=\"async\" data-id=\"27\" src=\"https:\/\/elannecy.fr\/wp-content\/themes\/inspiro\/assets\/images\/StockSnap_M6D1GS9PSL.jpg\" alt=\"\" class=\"wp-image-27\"\/><\/figure>\n\n\n\n<figure class=\"wp-block-image size-large\"><img decoding=\"async\" data-id=\"26\" src=\"https:\/\/elannecy.fr\/wp-content\/themes\/inspiro\/assets\/images\/StockSnap_JKMGVEJMPU.jpg\" alt=\"\" class=\"wp-image-26\"\/><\/figure>\n\n\n\n<figure class=\"wp-block-image size-large\"><img decoding=\"async\" data-id=\"25\" src=\"https:\/\/elannecy.fr\/wp-content\/themes\/inspiro\/assets\/images\/StockSnap_CXVCF2NNWJ.jpg\" alt=\"\" class=\"wp-image-25\"\/><\/figure>\n\n\n\n<figure class=\"wp-block-image size-large\"><img decoding=\"async\" data-id=\"24\" src=\"https:\/\/elannecy.fr\/wp-content\/themes\/inspiro\/assets\/images\/StockSnap_89BQZ89TLH.jpg\" alt=\"\" class=\"wp-image-24\"\/><\/figure>\n\n\n\n<figure class=\"wp-block-image size-large\"><img decoding=\"async\" data-id=\"29\" src=\"https:\/\/elannecy.fr\/wp-content\/themes\/inspiro\/assets\/images\/StockSnap_PGXCCTCLB5.jpg\" alt=\"\" class=\"wp-image-29\"\/><\/figure>\n<\/figure>\n<\/div><\/div>\n\n\n\n<div class=\"wp-block-cover alignfull is-light has-parallax is-position-center-center\" style=\"min-height:375px;aspect-ratio:unset;\"><span aria-hidden=\"true\" class=\"wp-block-cover__background has-black-background-color has-background-dim-40 has-background-dim\"><\/span><div role=\"img\" class=\"wp-block-cover__image-background wp-image-59 has-parallax\" style=\"background-position:50% 50%;background-image:url(http:\/\/elannecy.fr\/wp-content\/uploads\/2023\/08\/photo-1532105111962-e23707867985.jpeg)\"><\/div><div class=\"wp-block-cover__inner-container is-layout-flow wp-block-cover-is-layout-flow\">\n<p class=\"has-text-align-center has-text-color has-huge-font-size\" style=\"color:#fffffa;line-height:1.1\"><strong>Passez \u00e0 l&rsquo;action<\/strong><\/p>\n\n\n\n<p class=\"has-text-align-center\"><\/p>\n\n\n\n<div style=\"height:39px\" aria-hidden=\"true\" class=\"wp-block-spacer\"><\/div>\n\n\n\n<div class=\"wp-block-buttons is-horizontal is-content-justification-center is-layout-flex wp-container-core-buttons-is-layout-499968f5 wp-block-buttons-is-layout-flex\">\n<div class=\"wp-block-button is-style-outline is-style-outline--3\"><a class=\"wp-block-button__link has-white-color has-text-color wp-element-button\" href=\"#\">Contact<\/a><\/div>\n<\/div>\n<\/div><\/div>\n","protected":false},"excerpt":{"rendered":"<p>Un miroir d&rsquo;eau cristalline nich\u00e9 au c\u0153ur des montagnes majestueuses. Explorez des villages pittoresques, des for\u00eats verdoyantes et des plages de sable ; la fusion parfaite d&rsquo;aventures alpines et de d\u00e9tente au bord de l&rsquo;eau. A propos L&rsquo;exp\u00e9rience de mentorat qui fusionne le mouvement et la strat\u00e9gie pour les dirigeants aspirant \u00e0 une croissance transform\u00e9e. &hellip; <\/p>\n<p class=\"link-more\"><a href=\"https:\/\/elannecy.fr\/\" class=\"more-link\">Lire la suite de<span class=\"screen-reader-text\">\u00ab\u00a0Joyau des Alpes : Lac d&rsquo;Annecy\u00a0\u00bb<\/span><\/a><\/p>\n","protected":false},"author":1,"featured_media":56,"parent":0,"menu_order":0,"comment_status":"closed","ping_status":"closed","template":"","meta":{"footnotes":""},"class_list":["post-14","page","type-page","status-publish","has-post-thumbnail","hentry"],"_links":{"self":[{"href":"https:\/\/elannecy.fr\/index.php\/wp-json\/wp\/v2\/pages\/14","targetHints":{"allow":["GET"]}}],"collection":[{"href":"https:\/\/elannecy.fr\/index.php\/wp-json\/wp\/v2\/pages"}],"about":[{"href":"https:\/\/elannecy.fr\/index.php\/wp-json\/wp\/v2\/types\/page"}],"author":[{"embeddable":true,"href":"https:\/\/elannecy.fr\/index.php\/wp-json\/wp\/v2\/users\/1"}],"replies":[{"embeddable":true,"href":"https:\/\/elannecy.fr\/index.php\/wp-json\/wp\/v2\/comments?post=14"}],"version-history":[{"count":8,"href":"https:\/\/elannecy.fr\/index.php\/wp-json\/wp\/v2\/pages\/14\/revisions"}],"predecessor-version":[{"id":73,"href":"https:\/\/elannecy.fr\/index.php\/wp-json\/wp\/v2\/pages\/14\/revisions\/73"}],"wp:featuredmedia":[{"embeddable":true,"href":"https:\/\/elannecy.fr\/index.php\/wp-json\/wp\/v2\/media\/56"}],"wp:attachment":[{"href":"https:\/\/elannecy.fr\/index.php\/wp-json\/wp\/v2\/media?parent=14"}],"curies":[{"name":"wp","href":"https:\/\/api.w.org\/{rel}","templated":true}]}}